{"id":250,"date":"2025-07-21T15:52:47","date_gmt":"2025-07-21T15:52:47","guid":{"rendered":"https:\/\/punkraft.fr\/?page_id=250"},"modified":"2025-07-21T15:53:59","modified_gmt":"2025-07-21T15:53:59","slug":"bodythai","status":"publish","type":"page","link":"https:\/\/punkraft.fr\/?page_id=250","title":{"rendered":"Bodythai"},"content":{"rendered":"\t\t<div data-elementor-type=\"wp-page\" data-elementor-id=\"250\" class=\"elementor elementor-250\">\n\t\t\t\t<div class=\"elementor-element elementor-element-4360cca e-flex e-con-boxed wpr-particle-no wpr-jarallax-no wpr-parallax-no wpr-sticky-section-no e-con e-parent\" data-id=\"4360cca\" data-element_type=\"container\">\n\t\t\t\t\t<div class=\"e-con-inner\">\n\t\t\t\t<div class=\"elementor-element elementor-element-e464804 elementor-widget elementor-widget-heading\" data-id=\"e464804\" data-element_type=\"widget\" data-widget_type=\"heading.default\">\n\t\t\t\t\t<h2 class=\"elementor-heading-title elementor-size-default\">Bodythai<\/h2>\t\t\t\t<\/div>\n\t\t\t\t\t<\/div>\n\t\t\t\t<\/div>\n\t\t<div class=\"elementor-element elementor-element-85ac9b7 e-con-full e-flex wpr-particle-no wpr-jarallax-no wpr-parallax-no wpr-sticky-section-no e-con e-parent\" data-id=\"85ac9b7\" data-element_type=\"container\">\n\t\t\t\t<div class=\"elementor-element elementor-element-d840b68 elementor-widget elementor-widget-video\" data-id=\"d840b68\" data-element_type=\"widget\" data-settings=\"{&quot;video_type&quot;:&quot;hosted&quot;,&quot;controls&quot;:&quot;yes&quot;}\" data-widget_type=\"video.default\">\n\t\t\t\t\t\t\t<div class=\"e-hosted-video elementor-wrapper elementor-open-inline\">\n\t\t\t\t\t<video class=\"elementor-video\" src=\"http:\/\/punkraft.fr\/wp-content\/uploads\/2025\/07\/bodythai.mp4\" controls=\"\" preload=\"metadata\" controlsList=\"nodownload\"><\/video>\n\t\t\t\t<\/div>\n\t\t\t\t\t\t<\/div>\n\t\t\t\t<\/div>\n\t\t<div class=\"elementor-element elementor-element-a154fd5 e-flex e-con-boxed wpr-particle-no wpr-jarallax-no wpr-parallax-no wpr-sticky-section-no e-con e-parent\" data-id=\"a154fd5\" data-element_type=\"container\">\n\t\t\t\t\t<div class=\"e-con-inner\">\n\t\t\t\t<div class=\"elementor-element elementor-element-ce44e92 elementor-widget elementor-widget-text-editor\" data-id=\"ce44e92\" data-element_type=\"widget\" data-widget_type=\"text-editor.default\">\n\t\t\t\t\t\t\t\t\t<p>Bas r\u00e9sille sexe x pornographique<br \/>Des d\u00e9sirs d\u00e9lices \u00e0 nos vices caprices<br \/>Bite au kilom\u00e8tre mi-chaotique<br \/>Si de\u00e7\u00e0 \u00e7a nique sa vie de vagin \u00e0 fric \u00e0 bite \u00e0 service<br \/>Ta raie presque gratuite<br \/>Body body tay<br \/>Bangkok fou fou m&rsquo;a mis la fi\u00e8vre<br \/>Hong Kong \u00e0 t&rsquo;en couper le souffle<br \/>Elle vit nos vices, elle vide des vices<br \/>Chips sexe, cache paie<br \/>Chatte d&rsquo; Asie<br \/>M&rsquo;a mis la fi\u00e8vre<br \/>Bangkok fou fou<br \/>Chips sexe, cache paie<br \/>Chatte d &lsquo;Asie<br \/>Body body tay (bis)<br \/>Body body<br \/>Elle vie nos vis elle belle gaine<br \/>Chips sexe, cache paie (bis)<br \/>Chatte d &lsquo;Asie m&rsquo;a mis la fi\u00e8vre<br \/>A suivre&#8230;<\/p>\t\t\t\t\t\t\t\t<\/div>\n\t\t\t\t\t<\/div>\n\t\t\t\t<\/div>\n\t\t\t\t<\/div>\n\t\t","protected":false},"excerpt":{"rendered":"<p>Bodythai http:\/\/punkraft.fr\/wp-content\/uploads\/2025\/07\/bodythai.mp4 Bas r\u00e9sille sexe x pornographiqueDes d\u00e9sirs d\u00e9lices \u00e0 nos vices capricesBite au kilom\u00e8tre mi-chaotiqueSi de\u00e7\u00e0 \u00e7a nique sa vie de vagin \u00e0 fric \u00e0 bite \u00e0 serviceTa raie presque gratuiteBody body tayBangkok fou fou m&rsquo;a mis la fi\u00e8vreHong Kong \u00e0 t&rsquo;en couper le souffleElle vit nos vices, elle vide des vicesChips sexe, cache paieChatte d&rsquo; AsieM&rsquo;a mis la fi\u00e8vreBangkok fou fouChips sexe, cache paieChatte d &lsquo;AsieBody body tay (bis)Body bodyElle vie nos vis elle belle gaineChips sexe, cache paie (bis)Chatte d &lsquo;Asie m&rsquo;a mis la fi\u00e8vreA suivre&#8230;<\/p>\n","protected":false},"author":1,"featured_media":0,"parent":0,"menu_order":0,"comment_status":"closed","ping_status":"closed","template":"","meta":{"footnotes":""},"class_list":["post-250","page","type-page","status-publish","hentry"],"_links":{"self":[{"href":"https:\/\/punkraft.fr\/index.php?rest_route=\/wp\/v2\/pages\/250","targetHints":{"allow":["GET"]}}],"collection":[{"href":"https:\/\/punkraft.fr\/index.php?rest_route=\/wp\/v2\/pages"}],"about":[{"href":"https:\/\/punkraft.fr\/index.php?rest_route=\/wp\/v2\/types\/page"}],"author":[{"embeddable":true,"href":"https:\/\/punkraft.fr\/index.php?rest_route=\/wp\/v2\/users\/1"}],"replies":[{"embeddable":true,"href":"https:\/\/punkraft.fr\/index.php?rest_route=%2Fwp%2Fv2%2Fcomments&post=250"}],"version-history":[{"count":4,"href":"https:\/\/punkraft.fr\/index.php?rest_route=\/wp\/v2\/pages\/250\/revisions"}],"predecessor-version":[{"id":255,"href":"https:\/\/punkraft.fr\/index.php?rest_route=\/wp\/v2\/pages\/250\/revisions\/255"}],"wp:attachment":[{"href":"https:\/\/punkraft.fr\/index.php?rest_route=%2Fwp%2Fv2%2Fmedia&parent=250"}],"curies":[{"name":"wp","href":"https:\/\/api.w.org\/{rel}","templated":true}]}}