{"id":230,"date":"2025-07-21T12:43:54","date_gmt":"2025-07-21T12:43:54","guid":{"rendered":"https:\/\/punkraft.fr\/?page_id=230"},"modified":"2025-07-21T15:51:12","modified_gmt":"2025-07-21T15:51:12","slug":"paranoiaque","status":"publish","type":"page","link":"https:\/\/punkraft.fr\/?page_id=230","title":{"rendered":"paranoiaque"},"content":{"rendered":"\t\t<div data-elementor-type=\"wp-page\" data-elementor-id=\"230\" class=\"elementor elementor-230\">\n\t\t\t\t<div class=\"elementor-element elementor-element-4360cca e-flex e-con-boxed wpr-particle-no wpr-jarallax-no wpr-parallax-no wpr-sticky-section-no e-con e-parent\" data-id=\"4360cca\" data-element_type=\"container\">\n\t\t\t\t\t<div class=\"e-con-inner\">\n\t\t\t\t<div class=\"elementor-element elementor-element-e464804 elementor-widget elementor-widget-heading\" data-id=\"e464804\" data-element_type=\"widget\" data-widget_type=\"heading.default\">\n\t\t\t\t\t<h2 class=\"elementor-heading-title elementor-size-default\">Paranoiaque<\/h2>\t\t\t\t<\/div>\n\t\t\t\t\t<\/div>\n\t\t\t\t<\/div>\n\t\t<div class=\"elementor-element elementor-element-85ac9b7 e-con-full e-flex wpr-particle-no wpr-jarallax-no wpr-parallax-no wpr-sticky-section-no e-con e-parent\" data-id=\"85ac9b7\" data-element_type=\"container\">\n\t\t\t\t<div class=\"elementor-element elementor-element-d840b68 elementor-widget elementor-widget-video\" data-id=\"d840b68\" data-element_type=\"widget\" data-settings=\"{&quot;video_type&quot;:&quot;hosted&quot;,&quot;controls&quot;:&quot;yes&quot;}\" data-widget_type=\"video.default\">\n\t\t\t\t\t\t\t<div class=\"e-hosted-video elementor-wrapper elementor-open-inline\">\n\t\t\t\t\t<video class=\"elementor-video\" src=\"http:\/\/punkraft.fr\/wp-content\/uploads\/2025\/07\/paranoiaque.mp4\" controls=\"\" preload=\"metadata\" controlsList=\"nodownload\"><\/video>\n\t\t\t\t<\/div>\n\t\t\t\t\t\t<\/div>\n\t\t\t\t<\/div>\n\t\t<div class=\"elementor-element elementor-element-a154fd5 e-flex e-con-boxed wpr-particle-no wpr-jarallax-no wpr-parallax-no wpr-sticky-section-no e-con e-parent\" data-id=\"a154fd5\" data-element_type=\"container\">\n\t\t\t\t\t<div class=\"e-con-inner\">\n\t\t\t\t<div class=\"elementor-element elementor-element-ce44e92 elementor-widget elementor-widget-text-editor\" data-id=\"ce44e92\" data-element_type=\"widget\" data-widget_type=\"text-editor.default\">\n\t\t\t\t\t\t\t\t\t<p>Depuis le temps que je cherche <br \/>bien r\u00e9fl\u00e9chis je me suis dit<br \/>si je ne trouve pas de femme <br \/>c&rsquo;est que je dois donc toutes<br \/>les rendre paranoiaques,Paranoiaque madame !<\/p><p>La connaissant ni d&rsquo; Adam ni d&rsquo; Eve<br \/>Je l&rsquo; interlocute aussit\u00f4t sec<br \/>Me met deux claques<br \/>Prend son sac et s&rsquo;en va<br \/>Paranoiaquemadame ?Paranoiaquewoman !<br \/>Paranoiaque !?<\/p><p>Depuis le temps qu&rsquo;il cherche<br \/>S&rsquo;il ne trouve pas de femme <br \/>C&rsquo;est qu&rsquo;il doit donc toutes les rendre paranoiaques<\/p><p>T&rsquo;aimes \u00e0 parader, t&rsquo;aimes \u00e0 t&rsquo;exiber<br \/>Tu parais normal,m\u00eame paradisiaque<br \/>Mais paradoxalement paranoide<\/p><p>Paranoiaque woman<br \/>Paranoiaque madame?Paranoiaque !<\/p><p>Entre nous soit dit,tu d\u00e9lires beaut\u00e9\u2026<br \/>Tout est bien fini ch\u00e9rie,c&rsquo;est de la d\u00e9mence.<\/p><p>Paranoiaque woman ! Paranoiaque madame?<br \/>Paranoiaque<\/p><p>Susceptibilit\u00e9 excessive<br \/>D&rsquo;un orgueil d\u00e9mesur\u00e9<br \/>R\u00e9action d&rsquo;agressivit\u00e9<br \/>Paranoiaque woman?Paranoiaque madame !<br \/>Voici ma carte docteur en psy,psychiatrie\u2026<\/p><p>A suivre&#8230;<\/p>\t\t\t\t\t\t\t\t<\/div>\n\t\t\t\t\t<\/div>\n\t\t\t\t<\/div>\n\t\t\t\t<\/div>\n\t\t","protected":false},"excerpt":{"rendered":"<p>Paranoiaque http:\/\/punkraft.fr\/wp-content\/uploads\/2025\/07\/paranoiaque.mp4 Depuis le temps que je cherche bien r\u00e9fl\u00e9chis je me suis ditsi je ne trouve pas de femme c&rsquo;est que je dois donc toutesles rendre paranoiaques,Paranoiaque madame ! La connaissant ni d&rsquo; Adam ni d&rsquo; EveJe l&rsquo; interlocute aussit\u00f4t secMe met deux claquesPrend son sac et s&rsquo;en vaParanoiaquemadame ?Paranoiaquewoman !Paranoiaque !? Depuis le temps qu&rsquo;il chercheS&rsquo;il ne trouve pas de femme C&rsquo;est qu&rsquo;il doit donc toutes les rendre paranoiaques T&rsquo;aimes \u00e0 parader, t&rsquo;aimes \u00e0 t&rsquo;exiberTu parais normal,m\u00eame paradisiaqueMais paradoxalement paranoide Paranoiaque womanParanoiaque madame?Paranoiaque ! Entre nous soit dit,tu d\u00e9lires beaut\u00e9\u2026Tout est bien fini ch\u00e9rie,c&rsquo;est de la d\u00e9mence. Paranoiaque woman ! Paranoiaque madame?Paranoiaque Susceptibilit\u00e9 excessiveD&rsquo;un orgueil d\u00e9mesur\u00e9R\u00e9action d&rsquo;agressivit\u00e9Paranoiaque woman?Paranoiaque madame !Voici ma carte docteur en psy,psychiatrie\u2026 A suivre&#8230;<\/p>\n","protected":false},"author":1,"featured_media":0,"parent":0,"menu_order":0,"comment_status":"closed","ping_status":"closed","template":"","meta":{"footnotes":""},"class_list":["post-230","page","type-page","status-publish","hentry"],"_links":{"self":[{"href":"https:\/\/punkraft.fr\/index.php?rest_route=\/wp\/v2\/pages\/230","targetHints":{"allow":["GET"]}}],"collection":[{"href":"https:\/\/punkraft.fr\/index.php?rest_route=\/wp\/v2\/pages"}],"about":[{"href":"https:\/\/punkraft.fr\/index.php?rest_route=\/wp\/v2\/types\/page"}],"author":[{"embeddable":true,"href":"https:\/\/punkraft.fr\/index.php?rest_route=\/wp\/v2\/users\/1"}],"replies":[{"embeddable":true,"href":"https:\/\/punkraft.fr\/index.php?rest_route=%2Fwp%2Fv2%2Fcomments&post=230"}],"version-history":[{"count":4,"href":"https:\/\/punkraft.fr\/index.php?rest_route=\/wp\/v2\/pages\/230\/revisions"}],"predecessor-version":[{"id":249,"href":"https:\/\/punkraft.fr\/index.php?rest_route=\/wp\/v2\/pages\/230\/revisions\/249"}],"wp:attachment":[{"href":"https:\/\/punkraft.fr\/index.php?rest_route=%2Fwp%2Fv2%2Fmedia&parent=230"}],"curies":[{"name":"wp","href":"https:\/\/api.w.org\/{rel}","templated":true}]}}