{"id":226,"date":"2025-07-21T12:43:14","date_gmt":"2025-07-21T12:43:14","guid":{"rendered":"https:\/\/punkraft.fr\/?page_id=226"},"modified":"2025-07-21T15:47:28","modified_gmt":"2025-07-21T15:47:28","slug":"jeteveux_z","status":"publish","type":"page","link":"https:\/\/punkraft.fr\/?page_id=226","title":{"rendered":"jeteveux_z"},"content":{"rendered":"\t\t<div data-elementor-type=\"wp-page\" data-elementor-id=\"226\" class=\"elementor elementor-226\">\n\t\t\t\t<div class=\"elementor-element elementor-element-4360cca e-flex e-con-boxed wpr-particle-no wpr-jarallax-no wpr-parallax-no wpr-sticky-section-no e-con e-parent\" data-id=\"4360cca\" data-element_type=\"container\">\n\t\t\t\t\t<div class=\"e-con-inner\">\n\t\t\t\t<div class=\"elementor-element elementor-element-e464804 elementor-widget elementor-widget-heading\" data-id=\"e464804\" data-element_type=\"widget\" data-widget_type=\"heading.default\">\n\t\t\t\t\t<h2 class=\"elementor-heading-title elementor-size-default\">Jeteveux_z<\/h2>\t\t\t\t<\/div>\n\t\t\t\t\t<\/div>\n\t\t\t\t<\/div>\n\t\t<div class=\"elementor-element elementor-element-85ac9b7 e-con-full e-flex wpr-particle-no wpr-jarallax-no wpr-parallax-no wpr-sticky-section-no e-con e-parent\" data-id=\"85ac9b7\" data-element_type=\"container\">\n\t\t\t\t<div class=\"elementor-element elementor-element-d840b68 elementor-widget elementor-widget-video\" data-id=\"d840b68\" data-element_type=\"widget\" data-settings=\"{&quot;video_type&quot;:&quot;hosted&quot;,&quot;controls&quot;:&quot;yes&quot;}\" data-widget_type=\"video.default\">\n\t\t\t\t\t\t\t<div class=\"e-hosted-video elementor-wrapper elementor-open-inline\">\n\t\t\t\t\t<video class=\"elementor-video\" src=\"http:\/\/punkraft.fr\/wp-content\/uploads\/2025\/07\/jeteveux_z.mp4\" controls=\"\" preload=\"metadata\" controlsList=\"nodownload\"><\/video>\n\t\t\t\t<\/div>\n\t\t\t\t\t\t<\/div>\n\t\t\t\t<\/div>\n\t\t<div class=\"elementor-element elementor-element-a154fd5 e-flex e-con-boxed wpr-particle-no wpr-jarallax-no wpr-parallax-no wpr-sticky-section-no e-con e-parent\" data-id=\"a154fd5\" data-element_type=\"container\">\n\t\t\t\t\t<div class=\"e-con-inner\">\n\t\t\t\t<div class=\"elementor-element elementor-element-ce44e92 elementor-widget elementor-widget-text-editor\" data-id=\"ce44e92\" data-element_type=\"widget\" data-widget_type=\"text-editor.default\">\n\t\t\t\t\t\t\t\t\t<p>Je te veux, voeu d&rsquo;un jour <br \/>Juge le cet aveux le veux-tu <br \/>Jeux te veux jure-le \u2026 <br \/>Jette-le apr\u00e8s tout trop d&rsquo;injures<\/p><p>Clairs cheveux, des yeux verts<br \/>Visage p\u00e2le, fille fatale <br \/>F\u00e9line-toi, sois c\u00e2line<br \/>Fascine-moi, droit d&rsquo;\u00e9chine<br \/><br \/>Miss a mis dans mon \u00e2me <br \/>Mamie t\u2019a mise la flamme <br \/>T&rsquo;aimer, c&rsquo;est t&rsquo;amener <br \/>Donc au top, t\u2019\u00e9lever<\/p><p>Si tu veux bienvenue <br \/>juste je te veux<br \/>Certains souhaitent qu&rsquo;ils s&rsquo;aiment d&rsquo;autres pas<\/p><p>Je m&rsquo;y noie, dans tes yieux<br \/>Que j&rsquo;y voie, noire de peau <br \/>Beaut\u00e9 fort, belle elle dort <br \/>Sors fr\u00eale qu&rsquo;elle mord <br \/><br \/>Je te veux jure le, jette le apr\u00e8s tout, trop d&rsquo;injures<br \/>Certains souhaitent qu&rsquo;ils s&rsquo;aiment d&rsquo;autres pas papapa <br \/>si tu veux bienvenue juste jeux te veux papapapapap\u00e9<br \/>A suivre\u2026<\/p>\t\t\t\t\t\t\t\t<\/div>\n\t\t\t\t\t<\/div>\n\t\t\t\t<\/div>\n\t\t\t\t<\/div>\n\t\t","protected":false},"excerpt":{"rendered":"<p>Jeteveux_z http:\/\/punkraft.fr\/wp-content\/uploads\/2025\/07\/jeteveux_z.mp4 Je te veux, voeu d&rsquo;un jour Juge le cet aveux le veux-tu Jeux te veux jure-le \u2026 Jette-le apr\u00e8s tout trop d&rsquo;injures Clairs cheveux, des yeux vertsVisage p\u00e2le, fille fatale F\u00e9line-toi, sois c\u00e2lineFascine-moi, droit d&rsquo;\u00e9chine Miss a mis dans mon \u00e2me Mamie t\u2019a mise la flamme T&rsquo;aimer, c&rsquo;est t&rsquo;amener Donc au top, t\u2019\u00e9lever Si tu veux bienvenue juste je te veuxCertains souhaitent qu&rsquo;ils s&rsquo;aiment d&rsquo;autres pas Je m&rsquo;y noie, dans tes yieuxQue j&rsquo;y voie, noire de peau Beaut\u00e9 fort, belle elle dort Sors fr\u00eale qu&rsquo;elle mord Je te veux jure le, jette le apr\u00e8s tout, trop d&rsquo;injuresCertains souhaitent qu&rsquo;ils s&rsquo;aiment d&rsquo;autres pas papapa si tu veux bienvenue juste jeux te veux papapapapap\u00e9A suivre\u2026<\/p>\n","protected":false},"author":1,"featured_media":0,"parent":0,"menu_order":0,"comment_status":"closed","ping_status":"closed","template":"","meta":{"footnotes":""},"class_list":["post-226","page","type-page","status-publish","hentry"],"_links":{"self":[{"href":"https:\/\/punkraft.fr\/index.php?rest_route=\/wp\/v2\/pages\/226","targetHints":{"allow":["GET"]}}],"collection":[{"href":"https:\/\/punkraft.fr\/index.php?rest_route=\/wp\/v2\/pages"}],"about":[{"href":"https:\/\/punkraft.fr\/index.php?rest_route=\/wp\/v2\/types\/page"}],"author":[{"embeddable":true,"href":"https:\/\/punkraft.fr\/index.php?rest_route=\/wp\/v2\/users\/1"}],"replies":[{"embeddable":true,"href":"https:\/\/punkraft.fr\/index.php?rest_route=%2Fwp%2Fv2%2Fcomments&post=226"}],"version-history":[{"count":4,"href":"https:\/\/punkraft.fr\/index.php?rest_route=\/wp\/v2\/pages\/226\/revisions"}],"predecessor-version":[{"id":241,"href":"https:\/\/punkraft.fr\/index.php?rest_route=\/wp\/v2\/pages\/226\/revisions\/241"}],"wp:attachment":[{"href":"https:\/\/punkraft.fr\/index.php?rest_route=%2Fwp%2Fv2%2Fmedia&parent=226"}],"curies":[{"name":"wp","href":"https:\/\/api.w.org\/{rel}","templated":true}]}}