{"id":222,"date":"2025-07-21T12:42:44","date_gmt":"2025-07-21T12:42:44","guid":{"rendered":"https:\/\/punkraft.fr\/?page_id=222"},"modified":"2025-07-21T15:59:24","modified_gmt":"2025-07-21T15:59:24","slug":"blackskinhead","status":"publish","type":"page","link":"https:\/\/punkraft.fr\/?page_id=222","title":{"rendered":"blackskinhead"},"content":{"rendered":"\t\t<div data-elementor-type=\"wp-page\" data-elementor-id=\"222\" class=\"elementor elementor-222\">\n\t\t\t\t<div class=\"elementor-element elementor-element-4360cca e-flex e-con-boxed wpr-particle-no wpr-jarallax-no wpr-parallax-no wpr-sticky-section-no e-con e-parent\" data-id=\"4360cca\" data-element_type=\"container\">\n\t\t\t\t\t<div class=\"e-con-inner\">\n\t\t\t\t<div class=\"elementor-element elementor-element-e464804 elementor-widget elementor-widget-heading\" data-id=\"e464804\" data-element_type=\"widget\" data-widget_type=\"heading.default\">\n\t\t\t\t\t<h2 class=\"elementor-heading-title elementor-size-default\">Blackskinhead<\/h2>\t\t\t\t<\/div>\n\t\t\t\t\t<\/div>\n\t\t\t\t<\/div>\n\t\t<div class=\"elementor-element elementor-element-85ac9b7 e-con-full e-flex wpr-particle-no wpr-jarallax-no wpr-parallax-no wpr-sticky-section-no e-con e-parent\" data-id=\"85ac9b7\" data-element_type=\"container\">\n\t\t\t\t<div class=\"elementor-element elementor-element-d840b68 elementor-widget elementor-widget-video\" data-id=\"d840b68\" data-element_type=\"widget\" data-settings=\"{&quot;video_type&quot;:&quot;hosted&quot;,&quot;controls&quot;:&quot;yes&quot;}\" data-widget_type=\"video.default\">\n\t\t\t\t\t\t\t<div class=\"e-hosted-video elementor-wrapper elementor-open-inline\">\n\t\t\t\t\t<video class=\"elementor-video\" src=\"http:\/\/punkraft.fr\/wp-content\/uploads\/2025\/07\/blackskinhead.mp4\" controls=\"\" preload=\"metadata\" controlsList=\"nodownload\"><\/video>\n\t\t\t\t<\/div>\n\t\t\t\t\t\t<\/div>\n\t\t\t\t<\/div>\n\t\t<div class=\"elementor-element elementor-element-a154fd5 e-flex e-con-boxed wpr-particle-no wpr-jarallax-no wpr-parallax-no wpr-sticky-section-no e-con e-parent\" data-id=\"a154fd5\" data-element_type=\"container\">\n\t\t\t\t\t<div class=\"e-con-inner\">\n\t\t\t\t<div class=\"elementor-element elementor-element-ce44e92 elementor-widget elementor-widget-text-editor\" data-id=\"ce44e92\" data-element_type=\"widget\" data-widget_type=\"text-editor.default\">\n\t\t\t\t\t\t\t\t\t<p>Skin noir au chien blanc<br \/>Dress\u00e9 pour tu\u00e9<br \/>N\u00e9 pour mourir<br \/>Black pant\u00e8re \u00e0 tous les fachots de la terre<br \/>Extr\u00e9mistes, nique ta m\u00e8re.<br \/>Red skin, black skin head<br \/>Black dog, skin head au pied<br \/>Chien blanc dress\u00e9 pour tu\u00e9<\/p><p>Skin noir red skin<br \/>Son p\u00e8re, Hitler<br \/>Sa m\u00e8re, une pute<br \/>Que faire quand on est un black pant\u00e8re<br \/>Black skin head <br \/>Au cr\u00e2ne ras\u00e9 et rien dans la t\u00eate<br \/>Qu&rsquo;une toile d&rsquo;arraign\u00e9e <br \/>en forme de croix gam\u00e9e<br \/>Black dog, au pied<br \/>A suivre\u2026<\/p>\t\t\t\t\t\t\t\t<\/div>\n\t\t\t\t\t<\/div>\n\t\t\t\t<\/div>\n\t\t\t\t<\/div>\n\t\t","protected":false},"excerpt":{"rendered":"<p>Blackskinhead http:\/\/punkraft.fr\/wp-content\/uploads\/2025\/07\/blackskinhead.mp4 Skin noir au chien blancDress\u00e9 pour tu\u00e9N\u00e9 pour mourirBlack pant\u00e8re \u00e0 tous les fachots de la terreExtr\u00e9mistes, nique ta m\u00e8re.Red skin, black skin headBlack dog, skin head au piedChien blanc dress\u00e9 pour tu\u00e9 Skin noir red skinSon p\u00e8re, HitlerSa m\u00e8re, une puteQue faire quand on est un black pant\u00e8reBlack skin head Au cr\u00e2ne ras\u00e9 et rien dans la t\u00eateQu&rsquo;une toile d&rsquo;arraign\u00e9e en forme de croix gam\u00e9eBlack dog, au piedA suivre\u2026<\/p>\n","protected":false},"author":1,"featured_media":0,"parent":0,"menu_order":0,"comment_status":"closed","ping_status":"closed","template":"","meta":{"footnotes":""},"class_list":["post-222","page","type-page","status-publish","hentry"],"_links":{"self":[{"href":"https:\/\/punkraft.fr\/index.php?rest_route=\/wp\/v2\/pages\/222","targetHints":{"allow":["GET"]}}],"collection":[{"href":"https:\/\/punkraft.fr\/index.php?rest_route=\/wp\/v2\/pages"}],"about":[{"href":"https:\/\/punkraft.fr\/index.php?rest_route=\/wp\/v2\/types\/page"}],"author":[{"embeddable":true,"href":"https:\/\/punkraft.fr\/index.php?rest_route=\/wp\/v2\/users\/1"}],"replies":[{"embeddable":true,"href":"https:\/\/punkraft.fr\/index.php?rest_route=%2Fwp%2Fv2%2Fcomments&post=222"}],"version-history":[{"count":4,"href":"https:\/\/punkraft.fr\/index.php?rest_route=\/wp\/v2\/pages\/222\/revisions"}],"predecessor-version":[{"id":263,"href":"https:\/\/punkraft.fr\/index.php?rest_route=\/wp\/v2\/pages\/222\/revisions\/263"}],"wp:attachment":[{"href":"https:\/\/punkraft.fr\/index.php?rest_route=%2Fwp%2Fv2%2Fmedia&parent=222"}],"curies":[{"name":"wp","href":"https:\/\/api.w.org\/{rel}","templated":true}]}}