{"id":158,"date":"2025-07-21T12:24:34","date_gmt":"2025-07-21T12:24:34","guid":{"rendered":"https:\/\/punkraft.fr\/?page_id=158"},"modified":"2025-07-21T12:25:02","modified_gmt":"2025-07-21T12:25:02","slug":"toutdoux","status":"publish","type":"page","link":"https:\/\/punkraft.fr\/?page_id=158","title":{"rendered":"Toutdoux"},"content":{"rendered":"\t\t<div data-elementor-type=\"wp-page\" data-elementor-id=\"158\" class=\"elementor elementor-158\">\n\t\t\t\t<div class=\"elementor-element elementor-element-4360cca e-flex e-con-boxed wpr-particle-no wpr-jarallax-no wpr-parallax-no wpr-sticky-section-no e-con e-parent\" data-id=\"4360cca\" data-element_type=\"container\">\n\t\t\t\t\t<div class=\"e-con-inner\">\n\t\t\t\t<div class=\"elementor-element elementor-element-e464804 elementor-widget elementor-widget-heading\" data-id=\"e464804\" data-element_type=\"widget\" data-widget_type=\"heading.default\">\n\t\t\t\t\t<h2 class=\"elementor-heading-title elementor-size-default\">Toutdoux<\/h2>\t\t\t\t<\/div>\n\t\t\t\t\t<\/div>\n\t\t\t\t<\/div>\n\t\t<div class=\"elementor-element elementor-element-85ac9b7 e-con-full e-flex wpr-particle-no wpr-jarallax-no wpr-parallax-no wpr-sticky-section-no e-con e-parent\" data-id=\"85ac9b7\" data-element_type=\"container\">\n\t\t\t\t<div class=\"elementor-element elementor-element-d840b68 elementor-widget elementor-widget-video\" data-id=\"d840b68\" data-element_type=\"widget\" data-settings=\"{&quot;video_type&quot;:&quot;hosted&quot;,&quot;controls&quot;:&quot;yes&quot;}\" data-widget_type=\"video.default\">\n\t\t\t\t\t\t\t<div class=\"e-hosted-video elementor-wrapper elementor-open-inline\">\n\t\t\t\t\t<video class=\"elementor-video\" src=\"http:\/\/punkraft.fr\/wp-content\/uploads\/2025\/07\/toutdoux.mp4\" controls=\"\" preload=\"metadata\" controlsList=\"nodownload\"><\/video>\n\t\t\t\t<\/div>\n\t\t\t\t\t\t<\/div>\n\t\t\t\t<\/div>\n\t\t<div class=\"elementor-element elementor-element-a154fd5 e-flex e-con-boxed wpr-particle-no wpr-jarallax-no wpr-parallax-no wpr-sticky-section-no e-con e-parent\" data-id=\"a154fd5\" data-element_type=\"container\">\n\t\t\t\t\t<div class=\"e-con-inner\">\n\t\t\t\t<div class=\"elementor-element elementor-element-ce44e92 elementor-widget elementor-widget-text-editor\" data-id=\"ce44e92\" data-element_type=\"widget\" data-widget_type=\"text-editor.default\">\n\t\t\t\t\t\t\t\t\t<p>Doux, douce douceur, Doux, doux, ouh, ouh<br \/>Doux, douce douceur, doux, doux<\/p><p>Si facile \u00e0 danser <br \/>Du slow, couple c\u2019est formel <br \/>C\u00e2lin onctueux pour deux <br \/>Baiser moelleux partout<br \/>Lumi\u00e8re tamis\u00e9e, mollo<br \/>Couci-couca, docile <br \/>Bain moussant, en douce joue<br \/>Eau coule masse la peau<br \/>Enfanter la tendresse <br \/>D&rsquo;affection lui parler <br \/>Compr\u00e9hension enthousiasme <br \/>Calme et amicale<\/p><p>Doux, douce douceur, Doux, doux, ouh, ouh <br \/>Doux, douce douceur, doux, doux<\/p><p>Tout tout<br \/>doux,Doudou, la douceur <br \/>Tout tout doux, la douceur, c\u0153ur<br \/>Doudou, c\u0153ur de bonheur, La douceur<br \/>Tout doux, s\u0153ur, en douceur <br \/>Tout doucement, la douceur<br \/>Douce douceur mon c\u0153ur<br \/>Ma doudouce ta douceur<br \/>A suivre\u2026 <\/p>\t\t\t\t\t\t\t\t<\/div>\n\t\t\t\t\t<\/div>\n\t\t\t\t<\/div>\n\t\t\t\t<\/div>\n\t\t","protected":false},"excerpt":{"rendered":"<p>Toutdoux http:\/\/punkraft.fr\/wp-content\/uploads\/2025\/07\/toutdoux.mp4 Doux, douce douceur, Doux, doux, ouh, ouhDoux, douce douceur, doux, doux Si facile \u00e0 danser Du slow, couple c\u2019est formel C\u00e2lin onctueux pour deux Baiser moelleux partoutLumi\u00e8re tamis\u00e9e, molloCouci-couca, docile Bain moussant, en douce joueEau coule masse la peauEnfanter la tendresse D&rsquo;affection lui parler Compr\u00e9hension enthousiasme Calme et amicale Doux, douce douceur, Doux, doux, ouh, ouh Doux, douce douceur, doux, doux Tout toutdoux,Doudou, la douceur Tout tout doux, la douceur, c\u0153urDoudou, c\u0153ur de bonheur, La douceurTout doux, s\u0153ur, en douceur Tout doucement, la douceurDouce douceur mon c\u0153urMa doudouce ta douceurA suivre\u2026<\/p>\n","protected":false},"author":1,"featured_media":0,"parent":0,"menu_order":0,"comment_status":"closed","ping_status":"closed","template":"","meta":{"footnotes":""},"class_list":["post-158","page","type-page","status-publish","hentry"],"_links":{"self":[{"href":"https:\/\/punkraft.fr\/index.php?rest_route=\/wp\/v2\/pages\/158","targetHints":{"allow":["GET"]}}],"collection":[{"href":"https:\/\/punkraft.fr\/index.php?rest_route=\/wp\/v2\/pages"}],"about":[{"href":"https:\/\/punkraft.fr\/index.php?rest_route=\/wp\/v2\/types\/page"}],"author":[{"embeddable":true,"href":"https:\/\/punkraft.fr\/index.php?rest_route=\/wp\/v2\/users\/1"}],"replies":[{"embeddable":true,"href":"https:\/\/punkraft.fr\/index.php?rest_route=%2Fwp%2Fv2%2Fcomments&post=158"}],"version-history":[{"count":4,"href":"https:\/\/punkraft.fr\/index.php?rest_route=\/wp\/v2\/pages\/158\/revisions"}],"predecessor-version":[{"id":207,"href":"https:\/\/punkraft.fr\/index.php?rest_route=\/wp\/v2\/pages\/158\/revisions\/207"}],"wp:attachment":[{"href":"https:\/\/punkraft.fr\/index.php?rest_route=%2Fwp%2Fv2%2Fmedia&parent=158"}],"curies":[{"name":"wp","href":"https:\/\/api.w.org\/{rel}","templated":true}]}}