{"id":156,"date":"2025-07-21T11:26:26","date_gmt":"2025-07-21T11:26:26","guid":{"rendered":"https:\/\/punkraft.fr\/?page_id=156"},"modified":"2025-07-21T12:22:53","modified_gmt":"2025-07-21T12:22:53","slug":"m_n","status":"publish","type":"page","link":"https:\/\/punkraft.fr\/?page_id=156","title":{"rendered":"m_n"},"content":{"rendered":"\t\t<div data-elementor-type=\"wp-page\" data-elementor-id=\"156\" class=\"elementor elementor-156\">\n\t\t\t\t<div class=\"elementor-element elementor-element-4360cca e-flex e-con-boxed wpr-particle-no wpr-jarallax-no wpr-parallax-no wpr-sticky-section-no e-con e-parent\" data-id=\"4360cca\" data-element_type=\"container\">\n\t\t\t\t\t<div class=\"e-con-inner\">\n\t\t\t\t<div class=\"elementor-element elementor-element-e464804 elementor-widget elementor-widget-heading\" data-id=\"e464804\" data-element_type=\"widget\" data-widget_type=\"heading.default\">\n\t\t\t\t\t<h2 class=\"elementor-heading-title elementor-size-default\">m_n<\/h2>\t\t\t\t<\/div>\n\t\t\t\t\t<\/div>\n\t\t\t\t<\/div>\n\t\t<div class=\"elementor-element elementor-element-85ac9b7 e-con-full e-flex wpr-particle-no wpr-jarallax-no wpr-parallax-no wpr-sticky-section-no e-con e-parent\" data-id=\"85ac9b7\" data-element_type=\"container\">\n\t\t\t\t<div class=\"elementor-element elementor-element-d840b68 elementor-widget elementor-widget-video\" data-id=\"d840b68\" data-element_type=\"widget\" data-settings=\"{&quot;video_type&quot;:&quot;hosted&quot;,&quot;controls&quot;:&quot;yes&quot;}\" data-widget_type=\"video.default\">\n\t\t\t\t\t\t\t<div class=\"e-hosted-video elementor-wrapper elementor-open-inline\">\n\t\t\t\t\t<video class=\"elementor-video\" src=\"http:\/\/punkraft.fr\/wp-content\/uploads\/2025\/07\/m_n.mp4\" controls=\"\" preload=\"metadata\" controlsList=\"nodownload\"><\/video>\n\t\t\t\t<\/div>\n\t\t\t\t\t\t<\/div>\n\t\t\t\t<\/div>\n\t\t<div class=\"elementor-element elementor-element-a154fd5 e-flex e-con-boxed wpr-particle-no wpr-jarallax-no wpr-parallax-no wpr-sticky-section-no e-con e-parent\" data-id=\"a154fd5\" data-element_type=\"container\">\n\t\t\t\t\t<div class=\"e-con-inner\">\n\t\t\t\t<div class=\"elementor-element elementor-element-ce44e92 elementor-widget elementor-widget-text-editor\" data-id=\"ce44e92\" data-element_type=\"widget\" data-widget_type=\"text-editor.default\">\n\t\t\t\t\t\t\t\t\t<p>Bombe ! Bien aim\u00e9 fr\u00e8re <br \/>Aime aimer Aime si d&rsquo;avis toujours l&rsquo; respect <br \/>Aime et met l&rsquo;amour et la paix respect <br \/>Aux rappels \u00e0 la paix payer.<br \/><br \/>Au d\u00e9but c&rsquo;est tout pas de faim plus rien <br \/>Vivre donc mourir on n&rsquo;y puis rien<br \/>Frustr\u00e9s factur\u00e9s d&rsquo;envie bafou\u00e9s <br \/>Jamais satisfaits si souvent combl\u00e9s<br \/>Pas de peine pas d&rsquo; plaisir , <br \/>A qui tant de haine a si peu d\u2019effet<\/p><p>Aime amis m\u00eame ennemis aime <br \/>Amis hais la haine et paix <br \/>Amis ennemis s&rsquo;aiment <br \/>Cr\u00e8ve ! Qui cr\u00e9e dont les guerres ?<br \/>Ce qui y envie a ce prototype sant\u00e9 <br \/>A ces produits finis \u00e0 qui la disette ?<br \/>Gr\u00e2ce n&rsquo;est requise assassin d\u00e9sir<br \/>Qui s&rsquo;enfuit du dire mourir ou haire<\/p><p>Aime amis m\u00eame ennemis aime !<br \/>Amis hais la haine et paix <br \/><br \/>Qui va s&rsquo;occuper de vous eux pas moi<br \/>Si tout n&rsquo;est qu&rsquo; S.O.S d&rsquo;artifice<br \/>Ciel d\u00e9saffect\u00e9 clinique privatis\u00e9e.<br \/>Baptiser ennemi public num\u00e9ro un<br \/>Six cent soixante six et des poussi\u00e8res<br \/>Criminel amie r\u00e2le conspiration mondiale<br \/>Aime amis m\u00eame ennemis aime<br \/>Amis hais la haine et paix <br \/>A suivre\u2026<\/p>\t\t\t\t\t\t\t\t<\/div>\n\t\t\t\t\t<\/div>\n\t\t\t\t<\/div>\n\t\t\t\t<\/div>\n\t\t","protected":false},"excerpt":{"rendered":"<p>m_n http:\/\/punkraft.fr\/wp-content\/uploads\/2025\/07\/m_n.mp4 Bombe ! Bien aim\u00e9 fr\u00e8re Aime aimer Aime si d&rsquo;avis toujours l&rsquo; respect Aime et met l&rsquo;amour et la paix respect Aux rappels \u00e0 la paix payer. Au d\u00e9but c&rsquo;est tout pas de faim plus rien Vivre donc mourir on n&rsquo;y puis rienFrustr\u00e9s factur\u00e9s d&rsquo;envie bafou\u00e9s Jamais satisfaits si souvent combl\u00e9sPas de peine pas d&rsquo; plaisir , A qui tant de haine a si peu d\u2019effet Aime amis m\u00eame ennemis aime Amis hais la haine et paix Amis ennemis s&rsquo;aiment Cr\u00e8ve ! Qui cr\u00e9e dont les guerres ?Ce qui y envie a ce prototype sant\u00e9 A ces produits finis \u00e0 qui la disette ?Gr\u00e2ce n&rsquo;est requise assassin d\u00e9sirQui s&rsquo;enfuit du dire mourir ou haire Aime amis m\u00eame ennemis aime !Amis hais la haine et paix Qui va s&rsquo;occuper de vous eux pas moiSi tout n&rsquo;est qu&rsquo; S.O.S d&rsquo;artificeCiel d\u00e9saffect\u00e9 clinique privatis\u00e9e.Baptiser ennemi public num\u00e9ro unSix cent soixante six et des poussi\u00e8resCriminel amie r\u00e2le conspiration mondialeAime amis m\u00eame ennemis aimeAmis hais la haine et paix A suivre\u2026<\/p>\n","protected":false},"author":1,"featured_media":0,"parent":0,"menu_order":0,"comment_status":"closed","ping_status":"closed","template":"","meta":{"footnotes":""},"class_list":["post-156","page","type-page","status-publish","hentry"],"_links":{"self":[{"href":"https:\/\/punkraft.fr\/index.php?rest_route=\/wp\/v2\/pages\/156","targetHints":{"allow":["GET"]}}],"collection":[{"href":"https:\/\/punkraft.fr\/index.php?rest_route=\/wp\/v2\/pages"}],"about":[{"href":"https:\/\/punkraft.fr\/index.php?rest_route=\/wp\/v2\/types\/page"}],"author":[{"embeddable":true,"href":"https:\/\/punkraft.fr\/index.php?rest_route=\/wp\/v2\/users\/1"}],"replies":[{"embeddable":true,"href":"https:\/\/punkraft.fr\/index.php?rest_route=%2Fwp%2Fv2%2Fcomments&post=156"}],"version-history":[{"count":4,"href":"https:\/\/punkraft.fr\/index.php?rest_route=\/wp\/v2\/pages\/156\/revisions"}],"predecessor-version":[{"id":203,"href":"https:\/\/punkraft.fr\/index.php?rest_route=\/wp\/v2\/pages\/156\/revisions\/203"}],"wp:attachment":[{"href":"https:\/\/punkraft.fr\/index.php?rest_route=%2Fwp%2Fv2%2Fmedia&parent=156"}],"curies":[{"name":"wp","href":"https:\/\/api.w.org\/{rel}","templated":true}]}}