{"id":154,"date":"2025-07-21T12:19:25","date_gmt":"2025-07-21T12:19:25","guid":{"rendered":"https:\/\/punkraft.fr\/?page_id=154"},"modified":"2025-07-21T12:20:21","modified_gmt":"2025-07-21T12:20:21","slug":"jeteveux","status":"publish","type":"page","link":"https:\/\/punkraft.fr\/?page_id=154","title":{"rendered":"Jeteveux"},"content":{"rendered":"\t\t<div data-elementor-type=\"wp-page\" data-elementor-id=\"154\" class=\"elementor elementor-154\">\n\t\t\t\t<div class=\"elementor-element elementor-element-4360cca e-flex e-con-boxed wpr-particle-no wpr-jarallax-no wpr-parallax-no wpr-sticky-section-no e-con e-parent\" data-id=\"4360cca\" data-element_type=\"container\">\n\t\t\t\t\t<div class=\"e-con-inner\">\n\t\t\t\t<div class=\"elementor-element elementor-element-e464804 elementor-widget elementor-widget-heading\" data-id=\"e464804\" data-element_type=\"widget\" data-widget_type=\"heading.default\">\n\t\t\t\t\t<h2 class=\"elementor-heading-title elementor-size-default\">Jeteveux<\/h2>\t\t\t\t<\/div>\n\t\t\t\t\t<\/div>\n\t\t\t\t<\/div>\n\t\t<div class=\"elementor-element elementor-element-85ac9b7 e-con-full e-flex wpr-particle-no wpr-jarallax-no wpr-parallax-no wpr-sticky-section-no e-con e-parent\" data-id=\"85ac9b7\" data-element_type=\"container\">\n\t\t\t\t<div class=\"elementor-element elementor-element-d840b68 elementor-widget elementor-widget-video\" data-id=\"d840b68\" data-element_type=\"widget\" data-settings=\"{&quot;video_type&quot;:&quot;hosted&quot;,&quot;controls&quot;:&quot;yes&quot;}\" data-widget_type=\"video.default\">\n\t\t\t\t\t\t\t<div class=\"e-hosted-video elementor-wrapper elementor-open-inline\">\n\t\t\t\t\t<video class=\"elementor-video\" src=\"http:\/\/punkraft.fr\/wp-content\/uploads\/2025\/07\/jeteveux-1.mp4\" controls=\"\" preload=\"metadata\" controlsList=\"nodownload\"><\/video>\n\t\t\t\t<\/div>\n\t\t\t\t\t\t<\/div>\n\t\t\t\t<\/div>\n\t\t<div class=\"elementor-element elementor-element-a154fd5 e-flex e-con-boxed wpr-particle-no wpr-jarallax-no wpr-parallax-no wpr-sticky-section-no e-con e-parent\" data-id=\"a154fd5\" data-element_type=\"container\">\n\t\t\t\t\t<div class=\"e-con-inner\">\n\t\t\t\t<div class=\"elementor-element elementor-element-ce44e92 elementor-widget elementor-widget-text-editor\" data-id=\"ce44e92\" data-element_type=\"widget\" data-widget_type=\"text-editor.default\">\n\t\t\t\t\t\t\t\t\t<p>Clair je veux, des yeux verts<br \/>Visage p\u00e2le, fille fatale <br \/>F\u00e9line toi, sois c\u00e2line <br \/>Fascine- moi, droit d&rsquo;\u00e9chine<\/p><p>Parle au futur !<br \/>C\u2019est un souhait ils s\u2019aiment<\/p><p>Je te veux v\u0153u d\u2019un jour <br \/>Si tu veux bienvenue <br \/>Juste jette-le !<br \/>Si tu veux je te veux<\/p><p>Rut, brousse, pousse, culbute <br \/>Lutte douce, chut, \u00e9coute <br \/>T\u2019\u00e9coute chut !<br \/>Cette rosi\u00e8re ch\u00e8re m&rsquo;\u00e9tait <br \/>Mais l&rsquo;hiver sert d&rsquo;effet<br \/>Amour pur toujours dure <br \/>Sans usure, c&rsquo;est moins sur<\/p><p>Parle au futur bienvenue<br \/>Juste je te veux ! Par le futur <br \/>Du jeu de ces aveux le veux-tu ! Par le futur<\/p><p>Je te veux jure le jette le apr\u00e8s tout<br \/>Bienvenue nue juste je te veux <br \/>Te veux nue te veux je te veux nue <br \/>Juste je te veux nue ! Bienvenue\u2026<br \/>Juste jette-le <br \/>A suivre\u2026 <\/p>\t\t\t\t\t\t\t\t<\/div>\n\t\t\t\t\t<\/div>\n\t\t\t\t<\/div>\n\t\t\t\t<\/div>\n\t\t","protected":false},"excerpt":{"rendered":"<p>Jeteveux http:\/\/punkraft.fr\/wp-content\/uploads\/2025\/07\/jeteveux-1.mp4 Clair je veux, des yeux vertsVisage p\u00e2le, fille fatale F\u00e9line toi, sois c\u00e2line Fascine- moi, droit d&rsquo;\u00e9chine Parle au futur !C\u2019est un souhait ils s\u2019aiment Je te veux v\u0153u d\u2019un jour Si tu veux bienvenue Juste jette-le !Si tu veux je te veux Rut, brousse, pousse, culbute Lutte douce, chut, \u00e9coute T\u2019\u00e9coute chut !Cette rosi\u00e8re ch\u00e8re m&rsquo;\u00e9tait Mais l&rsquo;hiver sert d&rsquo;effetAmour pur toujours dure Sans usure, c&rsquo;est moins sur Parle au futur bienvenueJuste je te veux ! Par le futur Du jeu de ces aveux le veux-tu ! Par le futur Je te veux jure le jette le apr\u00e8s toutBienvenue nue juste je te veux Te veux nue te veux je te veux nue Juste je te veux nue ! Bienvenue\u2026Juste jette-le A suivre\u2026<\/p>\n","protected":false},"author":1,"featured_media":0,"parent":0,"menu_order":0,"comment_status":"closed","ping_status":"closed","template":"","meta":{"footnotes":""},"class_list":["post-154","page","type-page","status-publish","hentry"],"_links":{"self":[{"href":"https:\/\/punkraft.fr\/index.php?rest_route=\/wp\/v2\/pages\/154","targetHints":{"allow":["GET"]}}],"collection":[{"href":"https:\/\/punkraft.fr\/index.php?rest_route=\/wp\/v2\/pages"}],"about":[{"href":"https:\/\/punkraft.fr\/index.php?rest_route=\/wp\/v2\/types\/page"}],"author":[{"embeddable":true,"href":"https:\/\/punkraft.fr\/index.php?rest_route=\/wp\/v2\/users\/1"}],"replies":[{"embeddable":true,"href":"https:\/\/punkraft.fr\/index.php?rest_route=%2Fwp%2Fv2%2Fcomments&post=154"}],"version-history":[{"count":4,"href":"https:\/\/punkraft.fr\/index.php?rest_route=\/wp\/v2\/pages\/154\/revisions"}],"predecessor-version":[{"id":199,"href":"https:\/\/punkraft.fr\/index.php?rest_route=\/wp\/v2\/pages\/154\/revisions\/199"}],"wp:attachment":[{"href":"https:\/\/punkraft.fr\/index.php?rest_route=%2Fwp%2Fv2%2Fmedia&parent=154"}],"curies":[{"name":"wp","href":"https:\/\/api.w.org\/{rel}","templated":true}]}}