{"id":152,"date":"2025-07-21T11:25:20","date_gmt":"2025-07-21T11:25:20","guid":{"rendered":"https:\/\/punkraft.fr\/?page_id=152"},"modified":"2025-07-21T12:16:50","modified_gmt":"2025-07-21T12:16:50","slug":"infinia","status":"publish","type":"page","link":"https:\/\/punkraft.fr\/?page_id=152","title":{"rendered":"Infinia"},"content":{"rendered":"\t\t<div data-elementor-type=\"wp-page\" data-elementor-id=\"152\" class=\"elementor elementor-152\">\n\t\t\t\t<div class=\"elementor-element elementor-element-4360cca e-flex e-con-boxed wpr-particle-no wpr-jarallax-no wpr-parallax-no wpr-sticky-section-no e-con e-parent\" data-id=\"4360cca\" data-element_type=\"container\">\n\t\t\t\t\t<div class=\"e-con-inner\">\n\t\t\t\t<div class=\"elementor-element elementor-element-e464804 elementor-widget elementor-widget-heading\" data-id=\"e464804\" data-element_type=\"widget\" data-widget_type=\"heading.default\">\n\t\t\t\t\t<h2 class=\"elementor-heading-title elementor-size-default\">Infinia<\/h2>\t\t\t\t<\/div>\n\t\t\t\t\t<\/div>\n\t\t\t\t<\/div>\n\t\t<div class=\"elementor-element elementor-element-85ac9b7 e-con-full e-flex wpr-particle-no wpr-jarallax-no wpr-parallax-no wpr-sticky-section-no e-con e-parent\" data-id=\"85ac9b7\" data-element_type=\"container\">\n\t\t\t\t<div class=\"elementor-element elementor-element-d840b68 elementor-widget elementor-widget-video\" data-id=\"d840b68\" data-element_type=\"widget\" data-settings=\"{&quot;video_type&quot;:&quot;hosted&quot;,&quot;controls&quot;:&quot;yes&quot;}\" data-widget_type=\"video.default\">\n\t\t\t\t\t\t\t<div class=\"e-hosted-video elementor-wrapper elementor-open-inline\">\n\t\t\t\t\t<video class=\"elementor-video\" src=\"http:\/\/punkraft.fr\/wp-content\/uploads\/2025\/07\/infinia.mp4\" controls=\"\" preload=\"metadata\" controlsList=\"nodownload\"><\/video>\n\t\t\t\t<\/div>\n\t\t\t\t\t\t<\/div>\n\t\t\t\t<\/div>\n\t\t<div class=\"elementor-element elementor-element-a154fd5 e-flex e-con-boxed wpr-particle-no wpr-jarallax-no wpr-parallax-no wpr-sticky-section-no e-con e-parent\" data-id=\"a154fd5\" data-element_type=\"container\">\n\t\t\t\t\t<div class=\"e-con-inner\">\n\t\t\t\t<div class=\"elementor-element elementor-element-ce44e92 elementor-widget elementor-widget-text-editor\" data-id=\"ce44e92\" data-element_type=\"widget\" data-widget_type=\"text-editor.default\">\n\t\t\t\t\t\t\t\t\t<p>Aimer du tous pour tous aimer du fais<br \/>Son amour est infini, t&rsquo;ans d&rsquo; amour est infid\u00e9le<br \/>Je n&rsquo;ai m\u00eame pas les mots pour exprimer ce qu&rsquo;est tant d&rsquo;amour sans limite.<\/p><p>Aimer d&rsquo;abord t&rsquo;aimer encore, aimer plus fort<br \/>T&rsquo;aimer t&rsquo;aimer tant d&rsquo;amour, &lsquo;aimer tellement toujours<br \/>T&rsquo;aimant t&rsquo;aimanter, somme toute les amants ce mange<\/p><p>Je n&rsquo;ai m\u00eame pas les mots pour exprimer ce qu&rsquo;est tant d&rsquo;amour sans limite.<br \/>Comme homme au choix moin beaut\u00e9<br \/>je t&rsquo;adore toi tr\u00e9sor.ose<\/p><p>Son amour est infini, t&rsquo;amp d&rsquo; amour est infid\u00e9le<br \/>Je n&rsquo;ai m\u00eame pas les mots pour exprimer ce qu&rsquo;est tant d&rsquo;amour sans limite.<br \/>Conssentante c&rsquo;est la tentation m\u00eame,<br \/>Son nom change<br \/>Et homnie soit qui male y pense d\u2019amour<\/p><p>Aimer du tous t&rsquo;aimer pour tous<br \/>aimer du faite t&rsquo;aimer du j\u00e9ste<br \/>m\u00e9mme envie m\u00e9mme bonheur m\u00e9mme combat pour nous cherie,<br \/>Son nom change et homie soit qui male y pense<\/p>\t\t\t\t\t\t\t\t<\/div>\n\t\t\t\t\t<\/div>\n\t\t\t\t<\/div>\n\t\t\t\t<\/div>\n\t\t","protected":false},"excerpt":{"rendered":"<p>Infinia http:\/\/punkraft.fr\/wp-content\/uploads\/2025\/07\/infinia.mp4 Aimer du tous pour tous aimer du faisSon amour est infini, t&rsquo;ans d&rsquo; amour est infid\u00e9leJe n&rsquo;ai m\u00eame pas les mots pour exprimer ce qu&rsquo;est tant d&rsquo;amour sans limite. Aimer d&rsquo;abord t&rsquo;aimer encore, aimer plus fortT&rsquo;aimer t&rsquo;aimer tant d&rsquo;amour, &lsquo;aimer tellement toujoursT&rsquo;aimant t&rsquo;aimanter, somme toute les amants ce mange Je n&rsquo;ai m\u00eame pas les mots pour exprimer ce qu&rsquo;est tant d&rsquo;amour sans limite.Comme homme au choix moin beaut\u00e9je t&rsquo;adore toi tr\u00e9sor.ose Son amour est infini, t&rsquo;amp d&rsquo; amour est infid\u00e9leJe n&rsquo;ai m\u00eame pas les mots pour exprimer ce qu&rsquo;est tant d&rsquo;amour sans limite.Conssentante c&rsquo;est la tentation m\u00eame,Son nom changeEt homnie soit qui male y pense d\u2019amour Aimer du tous t&rsquo;aimer pour tousaimer du faite t&rsquo;aimer du j\u00e9stem\u00e9mme envie m\u00e9mme bonheur m\u00e9mme combat pour nous cherie,Son nom change et homie soit qui male y pense<\/p>\n","protected":false},"author":1,"featured_media":0,"parent":0,"menu_order":0,"comment_status":"closed","ping_status":"closed","template":"","meta":{"footnotes":""},"class_list":["post-152","page","type-page","status-publish","hentry"],"_links":{"self":[{"href":"https:\/\/punkraft.fr\/index.php?rest_route=\/wp\/v2\/pages\/152","targetHints":{"allow":["GET"]}}],"collection":[{"href":"https:\/\/punkraft.fr\/index.php?rest_route=\/wp\/v2\/pages"}],"about":[{"href":"https:\/\/punkraft.fr\/index.php?rest_route=\/wp\/v2\/types\/page"}],"author":[{"embeddable":true,"href":"https:\/\/punkraft.fr\/index.php?rest_route=\/wp\/v2\/users\/1"}],"replies":[{"embeddable":true,"href":"https:\/\/punkraft.fr\/index.php?rest_route=%2Fwp%2Fv2%2Fcomments&post=152"}],"version-history":[{"count":4,"href":"https:\/\/punkraft.fr\/index.php?rest_route=\/wp\/v2\/pages\/152\/revisions"}],"predecessor-version":[{"id":194,"href":"https:\/\/punkraft.fr\/index.php?rest_route=\/wp\/v2\/pages\/152\/revisions\/194"}],"wp:attachment":[{"href":"https:\/\/punkraft.fr\/index.php?rest_route=%2Fwp%2Fv2%2Fmedia&parent=152"}],"curies":[{"name":"wp","href":"https:\/\/api.w.org\/{rel}","templated":true}]}}