{"id":150,"date":"2025-07-21T11:24:40","date_gmt":"2025-07-21T11:24:40","guid":{"rendered":"https:\/\/punkraft.fr\/?page_id=150"},"modified":"2025-07-21T12:13:11","modified_gmt":"2025-07-21T12:13:11","slug":"genetic","status":"publish","type":"page","link":"https:\/\/punkraft.fr\/?page_id=150","title":{"rendered":"Genetic"},"content":{"rendered":"\t\t<div data-elementor-type=\"wp-page\" data-elementor-id=\"150\" class=\"elementor elementor-150\">\n\t\t\t\t<div class=\"elementor-element elementor-element-4360cca e-flex e-con-boxed wpr-particle-no wpr-jarallax-no wpr-parallax-no wpr-sticky-section-no e-con e-parent\" data-id=\"4360cca\" data-element_type=\"container\">\n\t\t\t\t\t<div class=\"e-con-inner\">\n\t\t\t\t<div class=\"elementor-element elementor-element-e464804 elementor-widget elementor-widget-heading\" data-id=\"e464804\" data-element_type=\"widget\" data-widget_type=\"heading.default\">\n\t\t\t\t\t<h2 class=\"elementor-heading-title elementor-size-default\">Genetic<\/h2>\t\t\t\t<\/div>\n\t\t\t\t\t<\/div>\n\t\t\t\t<\/div>\n\t\t<div class=\"elementor-element elementor-element-85ac9b7 e-con-full e-flex wpr-particle-no wpr-jarallax-no wpr-parallax-no wpr-sticky-section-no e-con e-parent\" data-id=\"85ac9b7\" data-element_type=\"container\">\n\t\t\t\t<div class=\"elementor-element elementor-element-d840b68 elementor-widget elementor-widget-video\" data-id=\"d840b68\" data-element_type=\"widget\" data-settings=\"{&quot;video_type&quot;:&quot;hosted&quot;,&quot;controls&quot;:&quot;yes&quot;}\" data-widget_type=\"video.default\">\n\t\t\t\t\t\t\t<div class=\"e-hosted-video elementor-wrapper elementor-open-inline\">\n\t\t\t\t\t<video class=\"elementor-video\" src=\"http:\/\/punkraft.fr\/wp-content\/uploads\/2025\/07\/genetic.mp4\" controls=\"\" preload=\"metadata\" controlsList=\"nodownload\"><\/video>\n\t\t\t\t<\/div>\n\t\t\t\t\t\t<\/div>\n\t\t\t\t<\/div>\n\t\t<div class=\"elementor-element elementor-element-a154fd5 e-flex e-con-boxed wpr-particle-no wpr-jarallax-no wpr-parallax-no wpr-sticky-section-no e-con e-parent\" data-id=\"a154fd5\" data-element_type=\"container\">\n\t\t\t\t\t<div class=\"e-con-inner\">\n\t\t\t\t<div class=\"elementor-element elementor-element-ce44e92 elementor-widget elementor-widget-text-editor\" data-id=\"ce44e92\" data-element_type=\"widget\" data-widget_type=\"text-editor.default\">\n\t\t\t\t\t\t\t\t\t<p>Jute jute la vertu d\u2019un joli cul coucou cocu cul coc cocu.<br \/>Ch\u00e9rie ch\u00e9rie chair, \u00e9nergie sexe physique,<br \/>ch\u00e9rie ch\u00e9rie chair \u00e9nergie sexe, c\u2019est magique.<br \/>Forme plastique, l\u2019app\u00e2t du vice, le fruit d\u00e9fendu du d\u00e9lice.<\/p><p>Oh oh oh, ah ouais j\u2019aime la tac tic-tac g\u00e9n\u00e9tique,<br \/>oh g\u00e8ne et tac-tic ha aux spermatozo\u00efdes g\u00e9nocide ha hoho !<br \/>Ch\u00e9rie ch\u00e9rie chair, \u00e9nergie sexe physique,<br \/>ch\u00e9rie ch\u00e9rie chair \u00e9nergie sexe magique.<br \/>Ch\u00e9rie chair rie rie rie<\/p>\t\t\t\t\t\t\t\t<\/div>\n\t\t\t\t\t<\/div>\n\t\t\t\t<\/div>\n\t\t\t\t<\/div>\n\t\t","protected":false},"excerpt":{"rendered":"<p>Genetic http:\/\/punkraft.fr\/wp-content\/uploads\/2025\/07\/genetic.mp4 Jute jute la vertu d\u2019un joli cul coucou cocu cul coc cocu.Ch\u00e9rie ch\u00e9rie chair, \u00e9nergie sexe physique,ch\u00e9rie ch\u00e9rie chair \u00e9nergie sexe, c\u2019est magique.Forme plastique, l\u2019app\u00e2t du vice, le fruit d\u00e9fendu du d\u00e9lice. Oh oh oh, ah ouais j\u2019aime la tac tic-tac g\u00e9n\u00e9tique,oh g\u00e8ne et tac-tic ha aux spermatozo\u00efdes g\u00e9nocide ha hoho !Ch\u00e9rie ch\u00e9rie chair, \u00e9nergie sexe physique,ch\u00e9rie ch\u00e9rie chair \u00e9nergie sexe magique.Ch\u00e9rie chair rie rie rie<\/p>\n","protected":false},"author":1,"featured_media":0,"parent":0,"menu_order":0,"comment_status":"closed","ping_status":"closed","template":"","meta":{"footnotes":""},"class_list":["post-150","page","type-page","status-publish","hentry"],"_links":{"self":[{"href":"https:\/\/punkraft.fr\/index.php?rest_route=\/wp\/v2\/pages\/150","targetHints":{"allow":["GET"]}}],"collection":[{"href":"https:\/\/punkraft.fr\/index.php?rest_route=\/wp\/v2\/pages"}],"about":[{"href":"https:\/\/punkraft.fr\/index.php?rest_route=\/wp\/v2\/types\/page"}],"author":[{"embeddable":true,"href":"https:\/\/punkraft.fr\/index.php?rest_route=\/wp\/v2\/users\/1"}],"replies":[{"embeddable":true,"href":"https:\/\/punkraft.fr\/index.php?rest_route=%2Fwp%2Fv2%2Fcomments&post=150"}],"version-history":[{"count":3,"href":"https:\/\/punkraft.fr\/index.php?rest_route=\/wp\/v2\/pages\/150\/revisions"}],"predecessor-version":[{"id":186,"href":"https:\/\/punkraft.fr\/index.php?rest_route=\/wp\/v2\/pages\/150\/revisions\/186"}],"wp:attachment":[{"href":"https:\/\/punkraft.fr\/index.php?rest_route=%2Fwp%2Fv2%2Fmedia&parent=150"}],"curies":[{"name":"wp","href":"https:\/\/api.w.org\/{rel}","templated":true}]}}