{"id":148,"date":"2025-07-21T11:25:00","date_gmt":"2025-07-21T11:25:00","guid":{"rendered":"https:\/\/punkraft.fr\/?page_id=148"},"modified":"2025-07-21T12:14:56","modified_gmt":"2025-07-21T12:14:56","slug":"hypertext","status":"publish","type":"page","link":"https:\/\/punkraft.fr\/?page_id=148","title":{"rendered":"Hypertext"},"content":{"rendered":"\t\t<div data-elementor-type=\"wp-page\" data-elementor-id=\"148\" class=\"elementor elementor-148\">\n\t\t\t\t<div class=\"elementor-element elementor-element-4360cca e-flex e-con-boxed wpr-particle-no wpr-jarallax-no wpr-parallax-no wpr-sticky-section-no e-con e-parent\" data-id=\"4360cca\" data-element_type=\"container\">\n\t\t\t\t\t<div class=\"e-con-inner\">\n\t\t\t\t<div class=\"elementor-element elementor-element-e464804 elementor-widget elementor-widget-heading\" data-id=\"e464804\" data-element_type=\"widget\" data-widget_type=\"heading.default\">\n\t\t\t\t\t<h2 class=\"elementor-heading-title elementor-size-default\">Hypertext<\/h2>\t\t\t\t<\/div>\n\t\t\t\t\t<\/div>\n\t\t\t\t<\/div>\n\t\t<div class=\"elementor-element elementor-element-85ac9b7 e-con-full e-flex wpr-particle-no wpr-jarallax-no wpr-parallax-no wpr-sticky-section-no e-con e-parent\" data-id=\"85ac9b7\" data-element_type=\"container\">\n\t\t\t\t<div class=\"elementor-element elementor-element-d840b68 elementor-widget elementor-widget-video\" data-id=\"d840b68\" data-element_type=\"widget\" data-settings=\"{&quot;video_type&quot;:&quot;hosted&quot;,&quot;controls&quot;:&quot;yes&quot;}\" data-widget_type=\"video.default\">\n\t\t\t\t\t\t\t<div class=\"e-hosted-video elementor-wrapper elementor-open-inline\">\n\t\t\t\t\t<video class=\"elementor-video\" src=\"http:\/\/punkraft.fr\/wp-content\/uploads\/2025\/07\/hypertext.mp4\" controls=\"\" preload=\"metadata\" controlsList=\"nodownload\"><\/video>\n\t\t\t\t<\/div>\n\t\t\t\t\t\t<\/div>\n\t\t\t\t<\/div>\n\t\t<div class=\"elementor-element elementor-element-a154fd5 e-flex e-con-boxed wpr-particle-no wpr-jarallax-no wpr-parallax-no wpr-sticky-section-no e-con e-parent\" data-id=\"a154fd5\" data-element_type=\"container\">\n\t\t\t\t\t<div class=\"e-con-inner\">\n\t\t\t\t<div class=\"elementor-element elementor-element-ce44e92 elementor-widget elementor-widget-text-editor\" data-id=\"ce44e92\" data-element_type=\"widget\" data-widget_type=\"text-editor.default\">\n\t\t\t\t\t\t\t\t\t<p>All\u00f4 !!!!<br \/>Codez oyez, phonez rose <br \/>Top chrono apr\u00e8s le bip populaire<br \/>All\u00f4 t\u2019es qui l\u00e0 ?<\/p><p>S.O.S sexe, d\u00e9crochez <br \/>Sensuellement v\u00f4tre, Amicalement glauque<br \/>T\u00e9l\u00e9 charg\u00e9e r\u00e9cepteurs Prostitu\u00e9es<br \/>R\u00e9ponds en T.N.T qui, que, quoi, dont, o\u00f9 ! <br \/>De quoi que ce soit, de toi \u00e0 moi<br \/>De vous \u00e0 nous Ce doigt appuie l\u00e0 <br \/>Le contact \u00e9lectro USA Multim\u00e9dia<br \/>Made in Japanis L&rsquo;an 1000 teKnolOgic <br \/>Refais \u00e7a, le processus S\u00e9same de la solitude<br \/>Appercevoir sa voix \u00e7a va, ca va pas<br \/>Cabine publique monnaie, carte magn\u00e9tique <br \/>Water gate sur <br \/>le net Site word de<br \/>weeb de web<br \/>J\u2019en ai gard\u00e9 de vous <br \/>Allo oui hello \u00e0 tout le monde<br \/>Moral, mod\u00e8le de l\u2019essentiel <br \/>De l\u2019essence m\u00eame ici allo <br \/>A suivre\u2026<\/p>\t\t\t\t\t\t\t\t<\/div>\n\t\t\t\t\t<\/div>\n\t\t\t\t<\/div>\n\t\t\t\t<\/div>\n\t\t","protected":false},"excerpt":{"rendered":"<p>Hypertext http:\/\/punkraft.fr\/wp-content\/uploads\/2025\/07\/hypertext.mp4 All\u00f4 !!!!Codez oyez, phonez rose Top chrono apr\u00e8s le bip populaireAll\u00f4 t\u2019es qui l\u00e0 ? S.O.S sexe, d\u00e9crochez Sensuellement v\u00f4tre, Amicalement glauqueT\u00e9l\u00e9 charg\u00e9e r\u00e9cepteurs Prostitu\u00e9esR\u00e9ponds en T.N.T qui, que, quoi, dont, o\u00f9 ! De quoi que ce soit, de toi \u00e0 moiDe vous \u00e0 nous Ce doigt appuie l\u00e0 Le contact \u00e9lectro USA Multim\u00e9diaMade in Japanis L&rsquo;an 1000 teKnolOgic Refais \u00e7a, le processus S\u00e9same de la solitudeAppercevoir sa voix \u00e7a va, ca va pasCabine publique monnaie, carte magn\u00e9tique Water gate sur le net Site word deweeb de webJ\u2019en ai gard\u00e9 de vous Allo oui hello \u00e0 tout le mondeMoral, mod\u00e8le de l\u2019essentiel De l\u2019essence m\u00eame ici allo A suivre\u2026<\/p>\n","protected":false},"author":1,"featured_media":0,"parent":0,"menu_order":0,"comment_status":"closed","ping_status":"closed","template":"","meta":{"footnotes":""},"class_list":["post-148","page","type-page","status-publish","hentry"],"_links":{"self":[{"href":"https:\/\/punkraft.fr\/index.php?rest_route=\/wp\/v2\/pages\/148","targetHints":{"allow":["GET"]}}],"collection":[{"href":"https:\/\/punkraft.fr\/index.php?rest_route=\/wp\/v2\/pages"}],"about":[{"href":"https:\/\/punkraft.fr\/index.php?rest_route=\/wp\/v2\/types\/page"}],"author":[{"embeddable":true,"href":"https:\/\/punkraft.fr\/index.php?rest_route=\/wp\/v2\/users\/1"}],"replies":[{"embeddable":true,"href":"https:\/\/punkraft.fr\/index.php?rest_route=%2Fwp%2Fv2%2Fcomments&post=148"}],"version-history":[{"count":5,"href":"https:\/\/punkraft.fr\/index.php?rest_route=\/wp\/v2\/pages\/148\/revisions"}],"predecessor-version":[{"id":190,"href":"https:\/\/punkraft.fr\/index.php?rest_route=\/wp\/v2\/pages\/148\/revisions\/190"}],"wp:attachment":[{"href":"https:\/\/punkraft.fr\/index.php?rest_route=%2Fwp%2Fv2%2Fmedia&parent=148"}],"curies":[{"name":"wp","href":"https:\/\/api.w.org\/{rel}","templated":true}]}}