{"id":142,"date":"2025-07-21T11:22:18","date_gmt":"2025-07-21T11:22:18","guid":{"rendered":"https:\/\/punkraft.fr\/?page_id=142"},"modified":"2025-07-21T11:32:49","modified_gmt":"2025-07-21T11:32:49","slug":"concubine_barbie","status":"publish","type":"page","link":"https:\/\/punkraft.fr\/?page_id=142","title":{"rendered":"Concubine_barbie"},"content":{"rendered":"\t\t<div data-elementor-type=\"wp-page\" data-elementor-id=\"142\" class=\"elementor elementor-142\">\n\t\t\t\t<div class=\"elementor-element elementor-element-4360cca e-flex e-con-boxed wpr-particle-no wpr-jarallax-no wpr-parallax-no wpr-sticky-section-no e-con e-parent\" data-id=\"4360cca\" data-element_type=\"container\">\n\t\t\t\t\t<div class=\"e-con-inner\">\n\t\t\t\t<div class=\"elementor-element elementor-element-e464804 elementor-widget elementor-widget-heading\" data-id=\"e464804\" data-element_type=\"widget\" data-widget_type=\"heading.default\">\n\t\t\t\t\t<h2 class=\"elementor-heading-title elementor-size-default\">Concubine_barbie<\/h2>\t\t\t\t<\/div>\n\t\t\t\t\t<\/div>\n\t\t\t\t<\/div>\n\t\t<div class=\"elementor-element elementor-element-85ac9b7 e-con-full e-flex wpr-particle-no wpr-jarallax-no wpr-parallax-no wpr-sticky-section-no e-con e-parent\" data-id=\"85ac9b7\" data-element_type=\"container\">\n\t\t\t\t<div class=\"elementor-element elementor-element-d840b68 elementor-widget elementor-widget-video\" data-id=\"d840b68\" data-element_type=\"widget\" data-settings=\"{&quot;video_type&quot;:&quot;hosted&quot;,&quot;controls&quot;:&quot;yes&quot;}\" data-widget_type=\"video.default\">\n\t\t\t\t\t\t\t<div class=\"e-hosted-video elementor-wrapper elementor-open-inline\">\n\t\t\t\t\t<video class=\"elementor-video\" src=\"http:\/\/punkraft.fr\/wp-content\/uploads\/2025\/07\/concubine_barbie.mp4\" controls=\"\" preload=\"metadata\" controlsList=\"nodownload\"><\/video>\n\t\t\t\t<\/div>\n\t\t\t\t\t\t<\/div>\n\t\t\t\t<\/div>\n\t\t<div class=\"elementor-element elementor-element-a154fd5 e-flex e-con-boxed wpr-particle-no wpr-jarallax-no wpr-parallax-no wpr-sticky-section-no e-con e-parent\" data-id=\"a154fd5\" data-element_type=\"container\">\n\t\t\t\t\t<div class=\"e-con-inner\">\n\t\t\t\t<div class=\"elementor-element elementor-element-ce44e92 elementor-widget elementor-widget-text-editor\" data-id=\"ce44e92\" data-element_type=\"widget\" data-widget_type=\"text-editor.default\">\n\t\t\t\t\t\t\t\t\t<p>D\u2019un coup de poing dans le placopl\u00e2tre, <br \/>Le mur se fracasse, l\u00e0 c\u2019est l\u2019orgasme.<br \/>Laissons-les (bis) s\u2019aimer, laissons-les (bis). <br \/>Quel manque de respect laissons les son\u2026<\/p><p>Concubine \u00e9tant ma voisine, <br \/>Victime du cri d\u2019amour je suis <br \/>Le water gate de sa conqu\u00eate.<\/p><p>Couch\u00e9 comme un chien sao\u00fbl dans la cuisine<br \/>Je les entends en dessous, ronds, au salon.<br \/>Laissons-les(bis), laissons-les s\u2019aimer. <br \/>S\u2019il vous plait, du respect, faudrait pas sexag\u00e9rer.<br \/>Chambre \u00e0 couch\u00e9 superpos\u00e9e, <br \/>Je l\u2019entends crier : \u00ab continue, continue ! \u00bb.<\/p><p>Concubine, c\u2019est ma voisine, <br \/>Victime de l\u2019amour je suis<br \/>Le water gate de sa conqu\u00eate.<br \/>A SUIVRE\u2026<\/p>\t\t\t\t\t\t\t\t<\/div>\n\t\t\t\t\t<\/div>\n\t\t\t\t<\/div>\n\t\t\t\t<\/div>\n\t\t","protected":false},"excerpt":{"rendered":"<p>Concubine_barbie http:\/\/punkraft.fr\/wp-content\/uploads\/2025\/07\/concubine_barbie.mp4 D\u2019un coup de poing dans le placopl\u00e2tre, Le mur se fracasse, l\u00e0 c\u2019est l\u2019orgasme.Laissons-les (bis) s\u2019aimer, laissons-les (bis). Quel manque de respect laissons les son\u2026 Concubine \u00e9tant ma voisine, Victime du cri d\u2019amour je suis Le water gate de sa conqu\u00eate. Couch\u00e9 comme un chien sao\u00fbl dans la cuisineJe les entends en dessous, ronds, au salon.Laissons-les(bis), laissons-les s\u2019aimer. S\u2019il vous plait, du respect, faudrait pas sexag\u00e9rer.Chambre \u00e0 couch\u00e9 superpos\u00e9e, Je l\u2019entends crier : \u00ab continue, continue ! \u00bb. Concubine, c\u2019est ma voisine, Victime de l\u2019amour je suisLe water gate de sa conqu\u00eate.A SUIVRE\u2026<\/p>\n","protected":false},"author":1,"featured_media":0,"parent":0,"menu_order":0,"comment_status":"closed","ping_status":"closed","template":"","meta":{"footnotes":""},"class_list":["post-142","page","type-page","status-publish","hentry"],"_links":{"self":[{"href":"https:\/\/punkraft.fr\/index.php?rest_route=\/wp\/v2\/pages\/142","targetHints":{"allow":["GET"]}}],"collection":[{"href":"https:\/\/punkraft.fr\/index.php?rest_route=\/wp\/v2\/pages"}],"about":[{"href":"https:\/\/punkraft.fr\/index.php?rest_route=\/wp\/v2\/types\/page"}],"author":[{"embeddable":true,"href":"https:\/\/punkraft.fr\/index.php?rest_route=\/wp\/v2\/users\/1"}],"replies":[{"embeddable":true,"href":"https:\/\/punkraft.fr\/index.php?rest_route=%2Fwp%2Fv2%2Fcomments&post=142"}],"version-history":[{"count":3,"href":"https:\/\/punkraft.fr\/index.php?rest_route=\/wp\/v2\/pages\/142\/revisions"}],"predecessor-version":[{"id":173,"href":"https:\/\/punkraft.fr\/index.php?rest_route=\/wp\/v2\/pages\/142\/revisions\/173"}],"wp:attachment":[{"href":"https:\/\/punkraft.fr\/index.php?rest_route=%2Fwp%2Fv2%2Fmedia&parent=142"}],"curies":[{"name":"wp","href":"https:\/\/api.w.org\/{rel}","templated":true}]}}